{"id":4934,"date":"2024-08-06T13:24:48","date_gmt":"2024-08-06T13:24:48","guid":{"rendered":"https:\/\/vtec-automation.com\/?post_type=product&#038;p=4934"},"modified":"2024-08-06T13:27:54","modified_gmt":"2024-08-06T13:27:54","slug":"plc-a8-smartlink","status":"publish","type":"product","link":"https:\/\/vtec-automation.com\/?product=plc-a8-smartlink","title":{"rendered":"PLC A8 SmartLink"},"content":{"rendered":"<div id=\"fb-root\"><\/div>\n<p><strong><span>Controlador l\u00f3gico programable Haiwell A8 SmartLink<\/span><\/strong><\/p>\n<p><span>\u25cf<\/span><span>\u00a0Admite la funci\u00f3n completa de PLC y puerta de enlace.<\/span><\/p>\n<p><span>\u25cf<\/span><span>\u00a0Descargue el programa HMI en la puerta de enlace y use el tel\u00e9fono m\u00f3vil como monitor.<\/span><\/p>\n<p><span>\u25cf<\/span><span>\u00a0Permite una conexi\u00f3n simple entre puerta de enlace, HMI, tel\u00e9fono m\u00f3vil, tableta, computadora, TV y c\u00e1mara en la red de \u00e1rea local.<\/span><\/p>\n<p><span>\u25cf<\/span><span>\u00a0Permite una conexi\u00f3n sencilla entre puerta de enlace, HMI, tel\u00e9fono m\u00f3vil, tableta, computadora, TV y c\u00e1mara a trav\u00e9s de Internet.<\/span><\/p>\n<p><span>\u25cf<\/span><span>\u00a0Permitir el acceso remoto para m\u00faltiples usuarios simult\u00e1neos sin SCADA en la nube o conexi\u00f3n VNC.<\/span><\/p>\n<p><span>\u25cf<\/span><span>\u00a0Proporcionar transmisi\u00f3n de datos y almacenamiento de datos en cualquier servidor p\u00fablico o privado.<\/span><\/p>\n<p><span>\u25cf<\/span><span>\u00a0Integrar datos con ERP, MES u otras aplicaciones mediante MQTT, OPC UA, HTTP, TCP, etc.<\/span><\/p>\n<p><span>\u25cf<\/span><span>\u00a0Integre la pantalla de HMI en otras aplicaciones como software, APP, etc.<\/span><\/p>\n<p><span>\u25cf<\/span><span>\u00a0Utilice el tel\u00e9fono m\u00f3vil como esc\u00e1ner para escanear el c\u00f3digo de barras e ingresar informaci\u00f3n en la HMI.<\/span><\/p>\n<p><span>\u25cf<\/span><span>\u00a0Aplicar a la visualizaci\u00f3n de datos o control centralizado en pantalla grande mediante TVBOX.<\/span><\/p>\n","protected":false},"excerpt":{"rendered":"<p>Controlador l\u00f3gico programable Haiwell A8 SmartLink \u25cf\u00a0Admite la funci\u00f3n completa de PLC y puerta de enlace. \u25cf\u00a0Descargue el programa HMI [&hellip;]<\/p>\n","protected":false},"featured_media":4935,"template":"","meta":{"site-sidebar-layout":"default","site-content-layout":"","ast-site-content-layout":"default","site-content-style":"default","site-sidebar-style":"default","ast-global-header-display":"","ast-banner-title-visibility":"","ast-main-header-display":"","ast-hfb-above-header-display":"","ast-hfb-below-header-display":"","ast-hfb-mobile-header-display":"","site-post-title":"","ast-breadcrumbs-content":"","ast-featured-img":"","footer-sml-layout":"","ast-disable-related-posts":"","theme-transparent-header-meta":"default","adv-header-id-meta":"","stick-header-meta":"","header-above-stick-meta":"","header-main-stick-meta":"","header-below-stick-meta":"","astra-migrate-meta-layouts":"set","ast-page-background-enabled":"default","ast-page-background-meta":{"desktop":{"background-color":"var(--ast-global-color-4)","background-image":"","background-repeat":"repeat","background-position":"center center","background-size":"auto","background-attachment":"scroll","background-type":"","background-media":"","overlay-type":"","overlay-color":"","overlay-opacity":"","overlay-gradient":""},"tablet":{"background-color":"","background-image":"","background-repeat":"repeat","background-position":"center center","background-size":"auto","background-attachment":"scroll","background-type":"","background-media":"","overlay-type":"","overlay-color":"","overlay-opacity":"","overlay-gradient":""},"mobile":{"background-color":"","background-image":"","background-repeat":"repeat","background-position":"center center","background-size":"auto","background-attachment":"scroll","background-type":"","background-media":"","overlay-type":"","overlay-color":"","overlay-opacity":"","overlay-gradient":""}},"ast-content-background-meta":{"desktop":{"background-color":"var(--ast-global-color-5)","background-image":"","background-repeat":"repeat","background-position":"center center","background-size":"auto","background-attachment":"scroll","background-type":"","background-media":"","overlay-type":"","overlay-color":"","overlay-opacity":"","overlay-gradient":""},"tablet":{"background-color":"var(--ast-global-color-5)","background-image":"","background-repeat":"repeat","background-position":"center center","background-size":"auto","background-attachment":"scroll","background-type":"","background-media":"","overlay-type":"","overlay-color":"","overlay-opacity":"","overlay-gradient":""},"mobile":{"background-color":"var(--ast-global-color-5)","background-image":"","background-repeat":"repeat","background-position":"center center","background-size":"auto","background-attachment":"scroll","background-type":"","background-media":"","overlay-type":"","overlay-color":"","overlay-opacity":"","overlay-gradient":""}},"_joinchat":[]},"product_brand":[],"product_cat":[370],"product_tag":[],"class_list":{"0":"post-4934","1":"product","2":"type-product","3":"status-publish","4":"has-post-thumbnail","6":"product_cat-haiwell","7":"desktop-align-left","8":"tablet-align-left","9":"mobile-align-left","11":"first","12":"instock","13":"shipping-taxable","14":"product-type-simple"},"_links":{"self":[{"href":"https:\/\/vtec-automation.com\/index.php?rest_route=\/wp\/v2\/product\/4934","targetHints":{"allow":["GET"]}}],"collection":[{"href":"https:\/\/vtec-automation.com\/index.php?rest_route=\/wp\/v2\/product"}],"about":[{"href":"https:\/\/vtec-automation.com\/index.php?rest_route=\/wp\/v2\/types\/product"}],"version-history":[{"count":1,"href":"https:\/\/vtec-automation.com\/index.php?rest_route=\/wp\/v2\/product\/4934\/revisions"}],"predecessor-version":[{"id":4936,"href":"https:\/\/vtec-automation.com\/index.php?rest_route=\/wp\/v2\/product\/4934\/revisions\/4936"}],"wp:featuredmedia":[{"embeddable":true,"href":"https:\/\/vtec-automation.com\/index.php?rest_route=\/wp\/v2\/media\/4935"}],"wp:attachment":[{"href":"https:\/\/vtec-automation.com\/index.php?rest_route=%2Fwp%2Fv2%2Fmedia&parent=4934"}],"wp:term":[{"taxonomy":"product_brand","embeddable":true,"href":"https:\/\/vtec-automation.com\/index.php?rest_route=%2Fwp%2Fv2%2Fproduct_brand&post=4934"},{"taxonomy":"product_cat","embeddable":true,"href":"https:\/\/vtec-automation.com\/index.php?rest_route=%2Fwp%2Fv2%2Fproduct_cat&post=4934"},{"taxonomy":"product_tag","embeddable":true,"href":"https:\/\/vtec-automation.com\/index.php?rest_route=%2Fwp%2Fv2%2Fproduct_tag&post=4934"}],"curies":[{"name":"wp","href":"https:\/\/api.w.org\/{rel}","templated":true}]}}