{"id":4946,"date":"2024-08-06T13:38:08","date_gmt":"2024-08-06T13:38:08","guid":{"rendered":"https:\/\/vtec-automation.com\/?post_type=product&#038;p=4946"},"modified":"2024-08-06T13:44:13","modified_gmt":"2024-08-06T13:44:13","slug":"nube-haiwell-smartlink","status":"publish","type":"product","link":"https:\/\/vtec-automation.com\/?product=nube-haiwell-smartlink","title":{"rendered":"Nube Haiwell SmartLink"},"content":{"rendered":"<div id=\"fb-root\"><\/div>\n<section class=\"met-editor clearfix m-t-20\"><span>Plataforma IoT exclusiva para empresas. Gestione proyectos, equipos, personal, datos y activos como una empresa. Adecuada para la gesti\u00f3n masiva de equipos.<\/span><\/p>\n<p><strong><span>Sistema de visualizaci\u00f3n de datos y WEB SCADA<\/span><\/strong><\/p>\n<ul class=\" list-paddingleft-2\">\n<li><span>Proporcionar monitoreo centralizado de dispositivos en diferentes sitios en WEB SCADA.<\/span><\/li>\n<li><span>Proporcionar un sistema de visualizaci\u00f3n de datos para mostrar e interpretar los datos recopilados en PC o dispositivos m\u00f3viles desde todos los dispositivos del proyecto.<\/span><\/li>\n<li><span>Admite fuentes de datos de terceros.<\/span><\/li>\n<\/ul>\n<p><strong><span>Logotipo personalizado<\/span><\/strong><\/p>\n<ul class=\" list-paddingleft-2\">\n<li><span>Seg\u00fan las necesidades de gesti\u00f3n del proyecto o de la empresa, puede realizar una visualizaci\u00f3n personalizada en la aplicaci\u00f3n m\u00f3vil y el sitio web en la nube.<\/span><\/li>\n<li><span>Incluye logotipo personalizado, nombre de plataforma personalizado, enlace web personalizado.<\/span><\/li>\n<\/ul>\n<p><strong><span>Equipos empresariales<\/span><\/strong><\/p>\n<ul class=\" list-paddingleft-2\">\n<li><span>Las empresas pueden vincular dispositivos en lotes y asignar permisos de clave A\/B de manera uniforme. Mayor nivel de seguridad con mecanismo de auditor\u00eda de clave dual.<\/span><\/li>\n<li><span>Se pueden crear uno o varios equipos de gesti\u00f3n para aclarar los administradores responsables de los equipos, mejorando as\u00ed la eficiencia de la gesti\u00f3n empresarial.<\/span><\/li>\n<li><span>Admite agrupaci\u00f3n de equipos en varios niveles.<\/span><\/li>\n<\/ul>\n<p><strong><span>Mantenimiento de la nube (el fabricante del equipo mantiene la identidad)<\/span><\/strong><\/p>\n<ul class=\" list-paddingleft-2\">\n<li><span>A diferencia de la clave A\/B, el mantenimiento en la nube proporciona a los fabricantes de equipos identidades de mantenimiento exclusivas.<\/span><\/li>\n<li><span>Configurar y habilitar el mantenimiento de la nube en el proyecto para facilitar la producci\u00f3n masiva de equipos.<\/span><\/li>\n<li><span>Hay una plataforma empresarial dedicada para configurar el equipo de mantenimiento y los miembros de mantenimiento.<\/span><\/li>\n<li><span>La identidad de mantenimiento en la nube puede realizar transmisi\u00f3n transparente remota, cargar y descargar proyectos, actualizar firmware, configuraci\u00f3n de control remoto, etc.<\/span><\/li>\n<\/ul>\n<p><strong><span>Gesti\u00f3n de tarjetas IoT<\/span><\/strong><\/p>\n<ul class=\" list-paddingleft-2\">\n<li><span>Admite la gesti\u00f3n por lotes y el monitoreo de tarjetas IoT empresariales. Visualiza el uso de la tarjeta y el estado del dispositivo en tiempo real.<\/span><\/li>\n<li><span>Admite recarga y renovaci\u00f3n en l\u00ednea de tarjetas IoT.<\/span><\/li>\n<\/ul>\n<\/section>\n<div class=\"met-page p-y-30 border-top1\">\n<div class=\"container p-t-30 \">\n<ul class=\"pagination block blocks-2 text-xs-center text-sm-left\">\n<li class=\"page-item m-b-0 \"><\/li>\n<\/ul>\n<\/div>\n<\/div>\n","protected":false},"excerpt":{"rendered":"<p>Plataforma IoT exclusiva para empresas. Gestione proyectos, equipos, personal, datos y activos como una empresa. Adecuada para la gesti\u00f3n masiva [&hellip;]<\/p>\n","protected":false},"featured_media":4947,"template":"","meta":{"site-sidebar-layout":"default","site-content-layout":"","ast-site-content-layout":"default","site-content-style":"default","site-sidebar-style":"default","ast-global-header-display":"","ast-banner-title-visibility":"","ast-main-header-display":"","ast-hfb-above-header-display":"","ast-hfb-below-header-display":"","ast-hfb-mobile-header-display":"","site-post-title":"","ast-breadcrumbs-content":"","ast-featured-img":"","footer-sml-layout":"","ast-disable-related-posts":"","theme-transparent-header-meta":"default","adv-header-id-meta":"","stick-header-meta":"","header-above-stick-meta":"","header-main-stick-meta":"","header-below-stick-meta":"","astra-migrate-meta-layouts":"set","ast-page-background-enabled":"default","ast-page-background-meta":{"desktop":{"background-color":"var(--ast-global-color-4)","background-image":"","background-repeat":"repeat","background-position":"center center","background-size":"auto","background-attachment":"scroll","background-type":"","background-media":"","overlay-type":"","overlay-color":"","overlay-opacity":"","overlay-gradient":""},"tablet":{"background-color":"","background-image":"","background-repeat":"repeat","background-position":"center center","background-size":"auto","background-attachment":"scroll","background-type":"","background-media":"","overlay-type":"","overlay-color":"","overlay-opacity":"","overlay-gradient":""},"mobile":{"background-color":"","background-image":"","background-repeat":"repeat","background-position":"center center","background-size":"auto","background-attachment":"scroll","background-type":"","background-media":"","overlay-type":"","overlay-color":"","overlay-opacity":"","overlay-gradient":""}},"ast-content-background-meta":{"desktop":{"background-color":"var(--ast-global-color-5)","background-image":"","background-repeat":"repeat","background-position":"center center","background-size":"auto","background-attachment":"scroll","background-type":"","background-media":"","overlay-type":"","overlay-color":"","overlay-opacity":"","overlay-gradient":""},"tablet":{"background-color":"var(--ast-global-color-5)","background-image":"","background-repeat":"repeat","background-position":"center center","background-size":"auto","background-attachment":"scroll","background-type":"","background-media":"","overlay-type":"","overlay-color":"","overlay-opacity":"","overlay-gradient":""},"mobile":{"background-color":"var(--ast-global-color-5)","background-image":"","background-repeat":"repeat","background-position":"center center","background-size":"auto","background-attachment":"scroll","background-type":"","background-media":"","overlay-type":"","overlay-color":"","overlay-opacity":"","overlay-gradient":""}},"_joinchat":[]},"product_brand":[],"product_cat":[370],"product_tag":[],"class_list":{"0":"post-4946","1":"product","2":"type-product","3":"status-publish","4":"has-post-thumbnail","6":"product_cat-haiwell","7":"desktop-align-left","8":"tablet-align-left","9":"mobile-align-left","11":"first","12":"instock","13":"shipping-taxable","14":"product-type-simple"},"_links":{"self":[{"href":"https:\/\/vtec-automation.com\/index.php?rest_route=\/wp\/v2\/product\/4946","targetHints":{"allow":["GET"]}}],"collection":[{"href":"https:\/\/vtec-automation.com\/index.php?rest_route=\/wp\/v2\/product"}],"about":[{"href":"https:\/\/vtec-automation.com\/index.php?rest_route=\/wp\/v2\/types\/product"}],"version-history":[{"count":1,"href":"https:\/\/vtec-automation.com\/index.php?rest_route=\/wp\/v2\/product\/4946\/revisions"}],"predecessor-version":[{"id":4948,"href":"https:\/\/vtec-automation.com\/index.php?rest_route=\/wp\/v2\/product\/4946\/revisions\/4948"}],"wp:featuredmedia":[{"embeddable":true,"href":"https:\/\/vtec-automation.com\/index.php?rest_route=\/wp\/v2\/media\/4947"}],"wp:attachment":[{"href":"https:\/\/vtec-automation.com\/index.php?rest_route=%2Fwp%2Fv2%2Fmedia&parent=4946"}],"wp:term":[{"taxonomy":"product_brand","embeddable":true,"href":"https:\/\/vtec-automation.com\/index.php?rest_route=%2Fwp%2Fv2%2Fproduct_brand&post=4946"},{"taxonomy":"product_cat","embeddable":true,"href":"https:\/\/vtec-automation.com\/index.php?rest_route=%2Fwp%2Fv2%2Fproduct_cat&post=4946"},{"taxonomy":"product_tag","embeddable":true,"href":"https:\/\/vtec-automation.com\/index.php?rest_route=%2Fwp%2Fv2%2Fproduct_tag&post=4946"}],"curies":[{"name":"wp","href":"https:\/\/api.w.org\/{rel}","templated":true}]}}