{"id":4949,"date":"2024-08-06T13:44:45","date_gmt":"2024-08-06T13:44:45","guid":{"rendered":"https:\/\/vtec-automation.com\/?post_type=product&#038;p=4949"},"modified":"2024-08-06T13:51:25","modified_gmt":"2024-08-06T13:51:25","slug":"plataforma-en-la-nube","status":"publish","type":"product","link":"https:\/\/vtec-automation.com\/?product=plataforma-en-la-nube","title":{"rendered":"Plataforma en la nube"},"content":{"rendered":"<div id=\"fb-root\"><\/div>\n<p><span>Haiwell Cloud es una plataforma de nube de IoT multiplataforma. Es compatible con PC, iPad, Android, IOS y otros terminales. Puede visitar equipos en el sitio a miles de kil\u00f3metros de distancia y realizar el monitoreo y mantenimiento remotos para HMI y PLC. Admite programaci\u00f3n remota, actualizaciones de firmware, monitoreo y diagn\u00f3stico, etc. Haiwell Cloud proporciona mecanismos de seguridad para la comunicaci\u00f3n. Est\u00e1 protegida por el mecanismo de cifrado de 128 bits SSL, que garantiza la transferencia de datos estable y segura. Tambi\u00e9n utiliza el mecanismo de protecci\u00f3n A-Key y B-Key para permitir el acceso remoto seguro a los dispositivos.<\/span><\/p>\n<p><span>En pocas palabras, Haiwell Cloud es un conjunto completo de soluciones de servicios en la nube para la industria de la automatizaci\u00f3n. Abarca una serie de productos como el sitio web de Haiwell Cloud, Cloud SCADA, Cloud HMI y Cloud APP. El objetivo de Haiwell Cloud es proporcionar soluciones integradas m\u00e1s seguras y convenientes para los usuarios industriales. Todas las series de PLC y HMI en la nube Ethernet de Haiwell se pueden controlar f\u00e1cilmente en cualquier momento y en cualquier lugar a trav\u00e9s de Haiwell Cloud.<\/span><\/p>\n","protected":false},"excerpt":{"rendered":"<p>Haiwell Cloud es una plataforma de nube de IoT multiplataforma. Es compatible con PC, iPad, Android, IOS y otros terminales. [&hellip;]<\/p>\n","protected":false},"featured_media":4950,"template":"","meta":{"site-sidebar-layout":"default","site-content-layout":"","ast-site-content-layout":"default","site-content-style":"default","site-sidebar-style":"default","ast-global-header-display":"","ast-banner-title-visibility":"","ast-main-header-display":"","ast-hfb-above-header-display":"","ast-hfb-below-header-display":"","ast-hfb-mobile-header-display":"","site-post-title":"","ast-breadcrumbs-content":"","ast-featured-img":"","footer-sml-layout":"","ast-disable-related-posts":"","theme-transparent-header-meta":"default","adv-header-id-meta":"","stick-header-meta":"","header-above-stick-meta":"","header-main-stick-meta":"","header-below-stick-meta":"","astra-migrate-meta-layouts":"set","ast-page-background-enabled":"default","ast-page-background-meta":{"desktop":{"background-color":"var(--ast-global-color-4)","background-image":"","background-repeat":"repeat","background-position":"center center","background-size":"auto","background-attachment":"scroll","background-type":"","background-media":"","overlay-type":"","overlay-color":"","overlay-opacity":"","overlay-gradient":""},"tablet":{"background-color":"","background-image":"","background-repeat":"repeat","background-position":"center center","background-size":"auto","background-attachment":"scroll","background-type":"","background-media":"","overlay-type":"","overlay-color":"","overlay-opacity":"","overlay-gradient":""},"mobile":{"background-color":"","background-image":"","background-repeat":"repeat","background-position":"center center","background-size":"auto","background-attachment":"scroll","background-type":"","background-media":"","overlay-type":"","overlay-color":"","overlay-opacity":"","overlay-gradient":""}},"ast-content-background-meta":{"desktop":{"background-color":"var(--ast-global-color-5)","background-image":"","background-repeat":"repeat","background-position":"center center","background-size":"auto","background-attachment":"scroll","background-type":"","background-media":"","overlay-type":"","overlay-color":"","overlay-opacity":"","overlay-gradient":""},"tablet":{"background-color":"var(--ast-global-color-5)","background-image":"","background-repeat":"repeat","background-position":"center center","background-size":"auto","background-attachment":"scroll","background-type":"","background-media":"","overlay-type":"","overlay-color":"","overlay-opacity":"","overlay-gradient":""},"mobile":{"background-color":"var(--ast-global-color-5)","background-image":"","background-repeat":"repeat","background-position":"center center","background-size":"auto","background-attachment":"scroll","background-type":"","background-media":"","overlay-type":"","overlay-color":"","overlay-opacity":"","overlay-gradient":""}},"_joinchat":[]},"product_brand":[],"product_cat":[370],"product_tag":[],"class_list":{"0":"post-4949","1":"product","2":"type-product","3":"status-publish","4":"has-post-thumbnail","6":"product_cat-haiwell","7":"desktop-align-left","8":"tablet-align-left","9":"mobile-align-left","11":"first","12":"instock","13":"shipping-taxable","14":"product-type-simple"},"_links":{"self":[{"href":"https:\/\/vtec-automation.com\/index.php?rest_route=\/wp\/v2\/product\/4949","targetHints":{"allow":["GET"]}}],"collection":[{"href":"https:\/\/vtec-automation.com\/index.php?rest_route=\/wp\/v2\/product"}],"about":[{"href":"https:\/\/vtec-automation.com\/index.php?rest_route=\/wp\/v2\/types\/product"}],"version-history":[{"count":1,"href":"https:\/\/vtec-automation.com\/index.php?rest_route=\/wp\/v2\/product\/4949\/revisions"}],"predecessor-version":[{"id":4951,"href":"https:\/\/vtec-automation.com\/index.php?rest_route=\/wp\/v2\/product\/4949\/revisions\/4951"}],"wp:featuredmedia":[{"embeddable":true,"href":"https:\/\/vtec-automation.com\/index.php?rest_route=\/wp\/v2\/media\/4950"}],"wp:attachment":[{"href":"https:\/\/vtec-automation.com\/index.php?rest_route=%2Fwp%2Fv2%2Fmedia&parent=4949"}],"wp:term":[{"taxonomy":"product_brand","embeddable":true,"href":"https:\/\/vtec-automation.com\/index.php?rest_route=%2Fwp%2Fv2%2Fproduct_brand&post=4949"},{"taxonomy":"product_cat","embeddable":true,"href":"https:\/\/vtec-automation.com\/index.php?rest_route=%2Fwp%2Fv2%2Fproduct_cat&post=4949"},{"taxonomy":"product_tag","embeddable":true,"href":"https:\/\/vtec-automation.com\/index.php?rest_route=%2Fwp%2Fv2%2Fproduct_tag&post=4949"}],"curies":[{"name":"wp","href":"https:\/\/api.w.org\/{rel}","templated":true}]}}