{"id":5073,"date":"2024-08-14T20:36:52","date_gmt":"2024-08-14T20:36:52","guid":{"rendered":"https:\/\/vtec-automation.com\/?post_type=product&#038;p=5073"},"modified":"2024-08-14T20:38:09","modified_gmt":"2024-08-14T20:38:09","slug":"italica-310","status":"publish","type":"product","link":"https:\/\/vtec-automation.com\/?product=italica-310","title":{"rendered":"Italica 310"},"content":{"rendered":"<div id=\"fb-root\"><\/div>\n","protected":false},"excerpt":{"rendered":"<div class=\"titolo\">\n<div class=\"titolo\">\n<div class=\"titolo\">\n<div class=\"titolo\">\n<div class=\"titolo\">\n<div class=\"titolo\">\n<div class=\"titolo\">\n<div class=\"titolo\">\n<div class=\"titolo\">\n<div class=\"titolo\">\n<div class=\"titolo\">\n<div class=\"titolo\">V\u00e1lvula de control autom\u00e1tica<\/div>\n<p class=\"abstract\">\u2022 Bridas de conexi\u00f3n:desde DN 50 mm hasta DN 600 mm.<br \/>\n\u2022 Perforaci\u00f3n de bridas: EN1092\/2. Otros bajo pedido<br \/>\n\u2022 Presi\u00f3n nominal 25 bar. Presi\u00f3n m\u00ednima sobre el piloto: 0,5 bar m\u00e1s p\u00e9rdida de carga.<\/p>\n<\/div>\n<\/div>\n<\/div>\n<\/div>\n<\/div>\n<\/div>\n<\/div>\n<\/div>\n<\/div>\n<\/div>\n<\/div>\n","protected":false},"featured_media":5074,"template":"","meta":{"site-sidebar-layout":"default","site-content-layout":"","ast-site-content-layout":"default","site-content-style":"default","site-sidebar-style":"default","ast-global-header-display":"","ast-banner-title-visibility":"","ast-main-header-display":"","ast-hfb-above-header-display":"","ast-hfb-below-header-display":"","ast-hfb-mobile-header-display":"","site-post-title":"","ast-breadcrumbs-content":"","ast-featured-img":"","footer-sml-layout":"","ast-disable-related-posts":"","theme-transparent-header-meta":"default","adv-header-id-meta":"","stick-header-meta":"","header-above-stick-meta":"","header-main-stick-meta":"","header-below-stick-meta":"","astra-migrate-meta-layouts":"set","ast-page-background-enabled":"default","ast-page-background-meta":{"desktop":{"background-color":"var(--ast-global-color-4)","background-image":"","background-repeat":"repeat","background-position":"center center","background-size":"auto","background-attachment":"scroll","background-type":"","background-media":"","overlay-type":"","overlay-color":"","overlay-opacity":"","overlay-gradient":""},"tablet":{"background-color":"","background-image":"","background-repeat":"repeat","background-position":"center center","background-size":"auto","background-attachment":"scroll","background-type":"","background-media":"","overlay-type":"","overlay-color":"","overlay-opacity":"","overlay-gradient":""},"mobile":{"background-color":"","background-image":"","background-repeat":"repeat","background-position":"center center","background-size":"auto","background-attachment":"scroll","background-type":"","background-media":"","overlay-type":"","overlay-color":"","overlay-opacity":"","overlay-gradient":""}},"ast-content-background-meta":{"desktop":{"background-color":"var(--ast-global-color-5)","background-image":"","background-repeat":"repeat","background-position":"center center","background-size":"auto","background-attachment":"scroll","background-type":"","background-media":"","overlay-type":"","overlay-color":"","overlay-opacity":"","overlay-gradient":""},"tablet":{"background-color":"var(--ast-global-color-5)","background-image":"","background-repeat":"repeat","background-position":"center center","background-size":"auto","background-attachment":"scroll","background-type":"","background-media":"","overlay-type":"","overlay-color":"","overlay-opacity":"","overlay-gradient":""},"mobile":{"background-color":"var(--ast-global-color-5)","background-image":"","background-repeat":"repeat","background-position":"center center","background-size":"auto","background-attachment":"scroll","background-type":"","background-media":"","overlay-type":"","overlay-color":"","overlay-opacity":"","overlay-gradient":""}},"_joinchat":[]},"product_brand":[],"product_cat":[389],"product_tag":[],"class_list":{"0":"post-5073","1":"product","2":"type-product","3":"status-publish","4":"has-post-thumbnail","6":"product_cat-valvulas-para-agua-potable","7":"desktop-align-left","8":"tablet-align-left","9":"mobile-align-left","11":"first","12":"instock","13":"shipping-taxable","14":"product-type-simple"},"_links":{"self":[{"href":"https:\/\/vtec-automation.com\/index.php?rest_route=\/wp\/v2\/product\/5073","targetHints":{"allow":["GET"]}}],"collection":[{"href":"https:\/\/vtec-automation.com\/index.php?rest_route=\/wp\/v2\/product"}],"about":[{"href":"https:\/\/vtec-automation.com\/index.php?rest_route=\/wp\/v2\/types\/product"}],"version-history":[{"count":1,"href":"https:\/\/vtec-automation.com\/index.php?rest_route=\/wp\/v2\/product\/5073\/revisions"}],"predecessor-version":[{"id":5075,"href":"https:\/\/vtec-automation.com\/index.php?rest_route=\/wp\/v2\/product\/5073\/revisions\/5075"}],"wp:featuredmedia":[{"embeddable":true,"href":"https:\/\/vtec-automation.com\/index.php?rest_route=\/wp\/v2\/media\/5074"}],"wp:attachment":[{"href":"https:\/\/vtec-automation.com\/index.php?rest_route=%2Fwp%2Fv2%2Fmedia&parent=5073"}],"wp:term":[{"taxonomy":"product_brand","embeddable":true,"href":"https:\/\/vtec-automation.com\/index.php?rest_route=%2Fwp%2Fv2%2Fproduct_brand&post=5073"},{"taxonomy":"product_cat","embeddable":true,"href":"https:\/\/vtec-automation.com\/index.php?rest_route=%2Fwp%2Fv2%2Fproduct_cat&post=5073"},{"taxonomy":"product_tag","embeddable":true,"href":"https:\/\/vtec-automation.com\/index.php?rest_route=%2Fwp%2Fv2%2Fproduct_tag&post=5073"}],"curies":[{"name":"wp","href":"https:\/\/api.w.org\/{rel}","templated":true}]}}