{"id":6483,"date":"2024-11-21T19:10:04","date_gmt":"2024-11-21T19:10:04","guid":{"rendered":"https:\/\/vtec-automation.com\/?post_type=product&#038;p=6483"},"modified":"2024-11-21T19:10:04","modified_gmt":"2024-11-21T19:10:04","slug":"valvula-de-retencion","status":"publish","type":"product","link":"https:\/\/vtec-automation.com\/?product=valvula-de-retencion","title":{"rendered":"V\u00e1lvula de retenci\u00f3n"},"content":{"rendered":"<div id=\"fb-root\"><\/div>\n<h3><strong>Caracter\u00edsticas principales<\/strong>:<\/h3>\n<ul>\n<li><strong>Prevenci\u00f3n de flujo inverso<\/strong>: Impide que los l\u00edquidos o gases fluyan en direcci\u00f3n no deseada, protegiendo el sistema de posibles da\u00f1os.<\/li>\n<li><strong>Dise\u00f1o robusto<\/strong>: Fabricada con materiales resistentes a la corrosi\u00f3n para una larga durabilidad en condiciones exigentes.<\/li>\n<li><strong>F\u00e1cil instalaci\u00f3n<\/strong>: Se integra f\u00e1cilmente en sistemas de tuber\u00edas sin complicaciones.<\/li>\n<li><strong>Funcionamiento autom\u00e1tico<\/strong>: No requiere intervenci\u00f3n manual para operar, lo que asegura una mayor eficiencia y menor mantenimiento.<\/li>\n<\/ul>\n<h3><strong>Aplicaciones<\/strong>:<\/h3>\n<p>Ideal para sistemas de agua, gas, petr\u00f3leo y productos qu\u00edmicos, donde es esencial evitar el retroceso de fluidos y mantener la seguridad del sistema.<\/p>\n<p>La v\u00e1lvula de retenci\u00f3n Elite Flow Control es una soluci\u00f3n confiable y duradera para proteger su sistema y garantizar el flujo unidireccional en cualquier aplicaci\u00f3n industrial.<\/p>\n","protected":false},"excerpt":{"rendered":"<p>La v\u00e1lvula de retenci\u00f3n de Elite Flow Control est\u00e1 dise\u00f1ada para permitir el paso de l\u00edquidos o gases en una sola direcci\u00f3n, evitando el flujo inverso y protegiendo el sistema de posibles da\u00f1os. Su funcionamiento autom\u00e1tico asegura un control eficiente sin necesidad de intervenci\u00f3n manual.<\/p>\n","protected":false},"featured_media":6484,"template":"","meta":{"site-sidebar-layout":"default","site-content-layout":"","ast-site-content-layout":"default","site-content-style":"default","site-sidebar-style":"default","ast-global-header-display":"","ast-banner-title-visibility":"","ast-main-header-display":"","ast-hfb-above-header-display":"","ast-hfb-below-header-display":"","ast-hfb-mobile-header-display":"","site-post-title":"","ast-breadcrumbs-content":"","ast-featured-img":"","footer-sml-layout":"","ast-disable-related-posts":"","theme-transparent-header-meta":"default","adv-header-id-meta":"","stick-header-meta":"","header-above-stick-meta":"","header-main-stick-meta":"","header-below-stick-meta":"","astra-migrate-meta-layouts":"set","ast-page-background-enabled":"default","ast-page-background-meta":{"desktop":{"background-color":"var(--ast-global-color-4)","background-image":"","background-repeat":"repeat","background-position":"center center","background-size":"auto","background-attachment":"scroll","background-type":"","background-media":"","overlay-type":"","overlay-color":"","overlay-opacity":"","overlay-gradient":""},"tablet":{"background-color":"","background-image":"","background-repeat":"repeat","background-position":"center center","background-size":"auto","background-attachment":"scroll","background-type":"","background-media":"","overlay-type":"","overlay-color":"","overlay-opacity":"","overlay-gradient":""},"mobile":{"background-color":"","background-image":"","background-repeat":"repeat","background-position":"center center","background-size":"auto","background-attachment":"scroll","background-type":"","background-media":"","overlay-type":"","overlay-color":"","overlay-opacity":"","overlay-gradient":""}},"ast-content-background-meta":{"desktop":{"background-color":"var(--ast-global-color-5)","background-image":"","background-repeat":"repeat","background-position":"center center","background-size":"auto","background-attachment":"scroll","background-type":"","background-media":"","overlay-type":"","overlay-color":"","overlay-opacity":"","overlay-gradient":""},"tablet":{"background-color":"var(--ast-global-color-5)","background-image":"","background-repeat":"repeat","background-position":"center center","background-size":"auto","background-attachment":"scroll","background-type":"","background-media":"","overlay-type":"","overlay-color":"","overlay-opacity":"","overlay-gradient":""},"mobile":{"background-color":"var(--ast-global-color-5)","background-image":"","background-repeat":"repeat","background-position":"center center","background-size":"auto","background-attachment":"scroll","background-type":"","background-media":"","overlay-type":"","overlay-color":"","overlay-opacity":"","overlay-gradient":""}},"_joinchat":[]},"product_brand":[],"product_cat":[348],"product_tag":[],"class_list":{"0":"post-6483","1":"product","2":"type-product","3":"status-publish","4":"has-post-thumbnail","6":"product_cat-cvs-controls","7":"desktop-align-left","8":"tablet-align-left","9":"mobile-align-left","11":"first","12":"instock","13":"shipping-taxable","14":"product-type-simple"},"_links":{"self":[{"href":"https:\/\/vtec-automation.com\/index.php?rest_route=\/wp\/v2\/product\/6483","targetHints":{"allow":["GET"]}}],"collection":[{"href":"https:\/\/vtec-automation.com\/index.php?rest_route=\/wp\/v2\/product"}],"about":[{"href":"https:\/\/vtec-automation.com\/index.php?rest_route=\/wp\/v2\/types\/product"}],"version-history":[{"count":1,"href":"https:\/\/vtec-automation.com\/index.php?rest_route=\/wp\/v2\/product\/6483\/revisions"}],"predecessor-version":[{"id":6485,"href":"https:\/\/vtec-automation.com\/index.php?rest_route=\/wp\/v2\/product\/6483\/revisions\/6485"}],"wp:featuredmedia":[{"embeddable":true,"href":"https:\/\/vtec-automation.com\/index.php?rest_route=\/wp\/v2\/media\/6484"}],"wp:attachment":[{"href":"https:\/\/vtec-automation.com\/index.php?rest_route=%2Fwp%2Fv2%2Fmedia&parent=6483"}],"wp:term":[{"taxonomy":"product_brand","embeddable":true,"href":"https:\/\/vtec-automation.com\/index.php?rest_route=%2Fwp%2Fv2%2Fproduct_brand&post=6483"},{"taxonomy":"product_cat","embeddable":true,"href":"https:\/\/vtec-automation.com\/index.php?rest_route=%2Fwp%2Fv2%2Fproduct_cat&post=6483"},{"taxonomy":"product_tag","embeddable":true,"href":"https:\/\/vtec-automation.com\/index.php?rest_route=%2Fwp%2Fv2%2Fproduct_tag&post=6483"}],"curies":[{"name":"wp","href":"https:\/\/api.w.org\/{rel}","templated":true}]}}