{"id":6670,"date":"2025-05-26T03:57:24","date_gmt":"2025-05-26T03:57:24","guid":{"rendered":"https:\/\/vtec-automation.com\/?post_type=product&#038;p=6670"},"modified":"2025-05-26T03:58:31","modified_gmt":"2025-05-26T03:58:31","slug":"a2-node","status":"publish","type":"product","link":"https:\/\/vtec-automation.com\/?product=a2-node","title":{"rendered":"A2 Node"},"content":{"rendered":"<div id=\"fb-root\"><\/div>\n<p>El Sistema de Detecci\u00f3n Remota SignalFire\u2122 es un sistema flexible de red de radio adaptativa que integra a la perfecci\u00f3n sensores anal\u00f3gicos y digitales. Con un alcance de hasta 5 km, el sistema se instala y configura autom\u00e1ticamente. El instalador solo tiene que configurar la frecuencia de registro mediante un simple interruptor giratorio, registrar la direcci\u00f3n de radio y conectar el sensor.<\/p>\n","protected":false},"excerpt":{"rendered":"<ul>\n<li>Paquete de 3 bater\u00edas de litio XD. Reemplazables en campo. Disponibles con alimentaci\u00f3n solar y CC.<\/li>\n<li>Puente de 12,5 o 18 V seleccionable para bucle de corriente de 4-20 mA, 1-5 V o sensores HART.\n<ul>\n<li>\u00a0La alimentaci\u00f3n del sensor anal\u00f3gico y HART se proporciona desde el sistema, sin necesidad de alimentaci\u00f3n de sensor externo.<\/li>\n<li>\u00a0Modbus requiere alimentaci\u00f3n de sensor externo<\/li>\n<\/ul>\n<\/li>\n<li>Inal\u00e1mbrico: disponible como registros Modbus en Gateway.<\/li>\n<\/ul>\n<div class=\"item item--content\">\n<div id=\"hammer_component_6833e54427ce3\" class=\"component component-rich-text rich-text description\" data-component=\"rich-text\">\n<ul>\n<li>Configurable por el usuario desde 5 segundos a 2 horas.<\/li>\n<li class=\"title\">Interfaces de sensores compatibles:<\/li>\n<\/ul>\n<div id=\"hammer_component_6833e54427cfd\" class=\"component component-rich-text rich-text description\" data-component=\"rich-text\">\n<ul>\n<li style=\"list-style-type: none;\">\n<ul>\n<li>Anal\u00f3gico (4-20 mA\/1-5 V)<\/li>\n<li>Entrada digital<\/li>\n<li>CIERVO<\/li>\n<li>RS485 Modbus RTU<\/li>\n<li>Termopar tipo K<\/li>\n<li>Protecci\u00f3n cat\u00f3dica<\/li>\n<li>SDI-12<\/li>\n<\/ul>\n<\/li>\n<li>Resistente a la intemperie, omnidireccional.<\/li>\n<li>Frecuencia \u00a0902-928 MHz<\/li>\n<\/ul>\n<\/div>\n<\/div>\n<\/div>\n","protected":false},"featured_media":6671,"template":"","meta":{"site-sidebar-layout":"default","site-content-layout":"","ast-site-content-layout":"default","site-content-style":"default","site-sidebar-style":"default","ast-global-header-display":"","ast-banner-title-visibility":"","ast-main-header-display":"","ast-hfb-above-header-display":"","ast-hfb-below-header-display":"","ast-hfb-mobile-header-display":"","site-post-title":"","ast-breadcrumbs-content":"","ast-featured-img":"","footer-sml-layout":"","ast-disable-related-posts":"","theme-transparent-header-meta":"default","adv-header-id-meta":"","stick-header-meta":"","header-above-stick-meta":"","header-main-stick-meta":"","header-below-stick-meta":"","astra-migrate-meta-layouts":"set","ast-page-background-enabled":"default","ast-page-background-meta":{"desktop":{"background-color":"var(--ast-global-color-4)","background-image":"","background-repeat":"repeat","background-position":"center center","background-size":"auto","background-attachment":"scroll","background-type":"","background-media":"","overlay-type":"","overlay-color":"","overlay-opacity":"","overlay-gradient":""},"tablet":{"background-color":"","background-image":"","background-repeat":"repeat","background-position":"center center","background-size":"auto","background-attachment":"scroll","background-type":"","background-media":"","overlay-type":"","overlay-color":"","overlay-opacity":"","overlay-gradient":""},"mobile":{"background-color":"","background-image":"","background-repeat":"repeat","background-position":"center center","background-size":"auto","background-attachment":"scroll","background-type":"","background-media":"","overlay-type":"","overlay-color":"","overlay-opacity":"","overlay-gradient":""}},"ast-content-background-meta":{"desktop":{"background-color":"var(--ast-global-color-5)","background-image":"","background-repeat":"repeat","background-position":"center center","background-size":"auto","background-attachment":"scroll","background-type":"","background-media":"","overlay-type":"","overlay-color":"","overlay-opacity":"","overlay-gradient":""},"tablet":{"background-color":"var(--ast-global-color-5)","background-image":"","background-repeat":"repeat","background-position":"center center","background-size":"auto","background-attachment":"scroll","background-type":"","background-media":"","overlay-type":"","overlay-color":"","overlay-opacity":"","overlay-gradient":""},"mobile":{"background-color":"var(--ast-global-color-5)","background-image":"","background-repeat":"repeat","background-position":"center center","background-size":"auto","background-attachment":"scroll","background-type":"","background-media":"","overlay-type":"","overlay-color":"","overlay-opacity":"","overlay-gradient":""}},"_joinchat":[]},"product_brand":[],"product_cat":[401],"product_tag":[],"class_list":{"0":"post-6670","1":"product","2":"type-product","3":"status-publish","4":"has-post-thumbnail","6":"product_cat-telemetria-inalambrica","7":"desktop-align-left","8":"tablet-align-left","9":"mobile-align-left","11":"first","12":"instock","13":"shipping-taxable","14":"product-type-simple"},"_links":{"self":[{"href":"https:\/\/vtec-automation.com\/index.php?rest_route=\/wp\/v2\/product\/6670","targetHints":{"allow":["GET"]}}],"collection":[{"href":"https:\/\/vtec-automation.com\/index.php?rest_route=\/wp\/v2\/product"}],"about":[{"href":"https:\/\/vtec-automation.com\/index.php?rest_route=\/wp\/v2\/types\/product"}],"version-history":[{"count":3,"href":"https:\/\/vtec-automation.com\/index.php?rest_route=\/wp\/v2\/product\/6670\/revisions"}],"predecessor-version":[{"id":6673,"href":"https:\/\/vtec-automation.com\/index.php?rest_route=\/wp\/v2\/product\/6670\/revisions\/6673"}],"wp:featuredmedia":[{"embeddable":true,"href":"https:\/\/vtec-automation.com\/index.php?rest_route=\/wp\/v2\/media\/6671"}],"wp:attachment":[{"href":"https:\/\/vtec-automation.com\/index.php?rest_route=%2Fwp%2Fv2%2Fmedia&parent=6670"}],"wp:term":[{"taxonomy":"product_brand","embeddable":true,"href":"https:\/\/vtec-automation.com\/index.php?rest_route=%2Fwp%2Fv2%2Fproduct_brand&post=6670"},{"taxonomy":"product_cat","embeddable":true,"href":"https:\/\/vtec-automation.com\/index.php?rest_route=%2Fwp%2Fv2%2Fproduct_cat&post=6670"},{"taxonomy":"product_tag","embeddable":true,"href":"https:\/\/vtec-automation.com\/index.php?rest_route=%2Fwp%2Fv2%2Fproduct_tag&post=6670"}],"curies":[{"name":"wp","href":"https:\/\/api.w.org\/{rel}","templated":true}]}}