{"id":6741,"date":"2025-05-26T20:19:03","date_gmt":"2025-05-26T20:19:03","guid":{"rendered":"https:\/\/vtec-automation.com\/?post_type=product&#038;p=6741"},"modified":"2025-05-26T20:19:03","modified_gmt":"2025-05-26T20:19:03","slug":"ranger-wall-mount","status":"publish","type":"product","link":"https:\/\/vtec-automation.com\/?product=ranger-wall-mount","title":{"rendered":"RANGER WALL MOUNT"},"content":{"rendered":"<div id=\"fb-root\"><\/div>\n<p>El soporte de pared RANGER ofrece las mismas opciones y caracter\u00edsticas que el RANGER est\u00e1ndar, pero est\u00e1 alojado en una carcasa con clasificaci\u00f3n IP68. Cuenta con dos prensacables para la entrada de cables y un tercer conector PG9 que puede sustituirse por un prensacables para E\/S adicionales. Es perfecto para aplicaciones que requieren clasificaci\u00f3n IP68 o para aquellas donde este formato ofrece opciones de montaje m\u00e1s pr\u00e1cticas.<\/p>\n","protected":false},"excerpt":{"rendered":"<ul>\n<li style=\"font-weight: 400;\" aria-level=\"2\"><span style=\"font-weight: 400;\">Temperatura de Operaci\u00f3n: -40\u00b0C a +85\u00b0C<\/span><\/li>\n<li style=\"font-weight: 400;\" aria-level=\"2\"><span style=\"font-weight: 400;\">Humedad: 0% a 100% (condensaci\u00f3n)<\/span><\/li>\n<li style=\"font-weight: 400;\" aria-level=\"2\"><span style=\"font-weight: 400;\">Fuente de Alimentaci\u00f3n:<\/span>\n<ul>\n<li style=\"font-weight: 400;\" aria-level=\"3\"><span style=\"font-weight: 400;\">Bater\u00eda: Pack de cuatro bater\u00edas D-cell de Litio Tionil Cloruro (76AHr).<\/span><\/li>\n<li style=\"font-weight: 400;\" aria-level=\"3\"><span style=\"font-weight: 400;\">Opciones adicionales:<\/span>\n<ul>\n<li style=\"font-weight: 400;\" aria-level=\"4\"><span style=\"font-weight: 400;\">Energ\u00eda solar<\/span><\/li>\n<li style=\"font-weight: 400;\" aria-level=\"4\"><span style=\"font-weight: 400;\">Entrada de 10-30 VDC<\/span><\/li>\n<\/ul>\n<\/li>\n<\/ul>\n<\/li>\n<li style=\"font-weight: 400;\" aria-level=\"2\"><span style=\"font-weight: 400;\">M\u00f3dulo 2AI1DI: 2 entradas anal\u00f3gicas adicionales y 1 entrada digital adicional<\/span><\/li>\n<li style=\"font-weight: 400;\" aria-level=\"2\"><span style=\"font-weight: 400;\">M\u00f3dulo Modbus: Modbus RTU \u2013 RS485, hasta 8 esclavos, 32 registros totales<\/span><\/li>\n<li style=\"font-weight: 400;\" aria-level=\"2\"><span style=\"font-weight: 400;\">Duraci\u00f3n de la Bater\u00eda: Hasta 8 a\u00f1os<\/span><\/li>\n<li style=\"font-weight: 400;\" aria-level=\"2\"><span style=\"font-weight: 400;\">Interfaz de Datos: LTE CAT M1 \/ NB-IoT (auto-selecci\u00f3n), mensajes SparkPlug<\/span><\/li>\n<li style=\"font-weight: 400;\" aria-level=\"2\"><span style=\"font-weight: 400;\">Certificaci\u00f3n de Seguridad: Clase 1 Divisi\u00f3n 2, Grupos A, B, C, D, C\u00f3digo de Temperatura T5<\/span><\/li>\n<li style=\"font-weight: 400;\" aria-level=\"2\"><span style=\"font-weight: 400;\">Bandas LTE compatibles: B1, B2, B3, B4, B5, B8, B12, B13, B14, B17, B20, B25, B26, B28, B66<\/span><\/li>\n<\/ul>\n","protected":false},"featured_media":6744,"template":"","meta":{"site-sidebar-layout":"default","site-content-layout":"","ast-site-content-layout":"default","site-content-style":"default","site-sidebar-style":"default","ast-global-header-display":"","ast-banner-title-visibility":"","ast-main-header-display":"","ast-hfb-above-header-display":"","ast-hfb-below-header-display":"","ast-hfb-mobile-header-display":"","site-post-title":"","ast-breadcrumbs-content":"","ast-featured-img":"","footer-sml-layout":"","ast-disable-related-posts":"","theme-transparent-header-meta":"default","adv-header-id-meta":"","stick-header-meta":"","header-above-stick-meta":"","header-main-stick-meta":"","header-below-stick-meta":"","astra-migrate-meta-layouts":"set","ast-page-background-enabled":"default","ast-page-background-meta":{"desktop":{"background-color":"var(--ast-global-color-4)","background-image":"","background-repeat":"repeat","background-position":"center center","background-size":"auto","background-attachment":"scroll","background-type":"","background-media":"","overlay-type":"","overlay-color":"","overlay-opacity":"","overlay-gradient":""},"tablet":{"background-color":"","background-image":"","background-repeat":"repeat","background-position":"center center","background-size":"auto","background-attachment":"scroll","background-type":"","background-media":"","overlay-type":"","overlay-color":"","overlay-opacity":"","overlay-gradient":""},"mobile":{"background-color":"","background-image":"","background-repeat":"repeat","background-position":"center center","background-size":"auto","background-attachment":"scroll","background-type":"","background-media":"","overlay-type":"","overlay-color":"","overlay-opacity":"","overlay-gradient":""}},"ast-content-background-meta":{"desktop":{"background-color":"var(--ast-global-color-5)","background-image":"","background-repeat":"repeat","background-position":"center center","background-size":"auto","background-attachment":"scroll","background-type":"","background-media":"","overlay-type":"","overlay-color":"","overlay-opacity":"","overlay-gradient":""},"tablet":{"background-color":"var(--ast-global-color-5)","background-image":"","background-repeat":"repeat","background-position":"center center","background-size":"auto","background-attachment":"scroll","background-type":"","background-media":"","overlay-type":"","overlay-color":"","overlay-opacity":"","overlay-gradient":""},"mobile":{"background-color":"var(--ast-global-color-5)","background-image":"","background-repeat":"repeat","background-position":"center center","background-size":"auto","background-attachment":"scroll","background-type":"","background-media":"","overlay-type":"","overlay-color":"","overlay-opacity":"","overlay-gradient":""}},"_joinchat":[]},"product_brand":[],"product_cat":[401],"product_tag":[],"class_list":{"0":"post-6741","1":"product","2":"type-product","3":"status-publish","4":"has-post-thumbnail","6":"product_cat-telemetria-inalambrica","7":"desktop-align-left","8":"tablet-align-left","9":"mobile-align-left","11":"first","12":"instock","13":"shipping-taxable","14":"product-type-simple"},"_links":{"self":[{"href":"https:\/\/vtec-automation.com\/index.php?rest_route=\/wp\/v2\/product\/6741","targetHints":{"allow":["GET"]}}],"collection":[{"href":"https:\/\/vtec-automation.com\/index.php?rest_route=\/wp\/v2\/product"}],"about":[{"href":"https:\/\/vtec-automation.com\/index.php?rest_route=\/wp\/v2\/types\/product"}],"version-history":[{"count":1,"href":"https:\/\/vtec-automation.com\/index.php?rest_route=\/wp\/v2\/product\/6741\/revisions"}],"predecessor-version":[{"id":6743,"href":"https:\/\/vtec-automation.com\/index.php?rest_route=\/wp\/v2\/product\/6741\/revisions\/6743"}],"wp:featuredmedia":[{"embeddable":true,"href":"https:\/\/vtec-automation.com\/index.php?rest_route=\/wp\/v2\/media\/6744"}],"wp:attachment":[{"href":"https:\/\/vtec-automation.com\/index.php?rest_route=%2Fwp%2Fv2%2Fmedia&parent=6741"}],"wp:term":[{"taxonomy":"product_brand","embeddable":true,"href":"https:\/\/vtec-automation.com\/index.php?rest_route=%2Fwp%2Fv2%2Fproduct_brand&post=6741"},{"taxonomy":"product_cat","embeddable":true,"href":"https:\/\/vtec-automation.com\/index.php?rest_route=%2Fwp%2Fv2%2Fproduct_cat&post=6741"},{"taxonomy":"product_tag","embeddable":true,"href":"https:\/\/vtec-automation.com\/index.php?rest_route=%2Fwp%2Fv2%2Fproduct_tag&post=6741"}],"curies":[{"name":"wp","href":"https:\/\/api.w.org\/{rel}","templated":true}]}}